{"id":7,"date":"2012-06-05T18:31:47","date_gmt":"2012-06-05T17:31:47","guid":{"rendered":"http:\/\/www.team112.nl\/wordpress\/?page_id=7"},"modified":"2024-04-29T13:26:33","modified_gmt":"2024-04-29T12:26:33","slug":"directeur-aan-het-woord","status":"publish","type":"page","link":"https:\/\/team112.nl\/wordpress\/?page_id=7","title":{"rendered":"Directeur aan het woord: Roparun 2024"},"content":{"rendered":"<p><a href=\"https:\/\/team112.nl\/wordpress\/wp-content\/uploads\/2023\/07\/IMG_1092-2.jpg\"><img decoding=\"async\" loading=\"lazy\" class=\"wp-image-1604 size-medium alignleft\" title=\"Arjen Littooij klein\" src=\"https:\/\/team112.nl\/wordpress\/wp-content\/uploads\/2023\/07\/IMG_1092-2-203x300.jpg\" alt=\"\" width=\"203\" height=\"300\" srcset=\"https:\/\/team112.nl\/wordpress\/wp-content\/uploads\/2023\/07\/IMG_1092-2-203x300.jpg 203w, https:\/\/team112.nl\/wordpress\/wp-content\/uploads\/2023\/07\/IMG_1092-2-600x885.jpg 600w, https:\/\/team112.nl\/wordpress\/wp-content\/uploads\/2023\/07\/IMG_1092-2-694x1024.jpg 694w, https:\/\/team112.nl\/wordpress\/wp-content\/uploads\/2023\/07\/IMG_1092-2-768x1133.jpg 768w, https:\/\/team112.nl\/wordpress\/wp-content\/uploads\/2023\/07\/IMG_1092-2-1041x1536.jpg 1041w, https:\/\/team112.nl\/wordpress\/wp-content\/uploads\/2023\/07\/IMG_1092-2-1388x2048.jpg 1388w, https:\/\/team112.nl\/wordpress\/wp-content\/uploads\/2023\/07\/IMG_1092-2-1140x1682.jpg 1140w, https:\/\/team112.nl\/wordpress\/wp-content\/uploads\/2023\/07\/IMG_1092-2.jpg 1460w\" sizes=\"(max-width: 203px) 100vw, 203px\" \/><\/a><\/p>\n<p style=\"margin-bottom: 11.25pt; text-align: justify; background: white;\"><em><span style=\"font-size: 11.5pt; font-family: 'Open Sans', sans-serif; color: #464646;\">Iedereen heeft binnen zijn werk, familie of kennissenkring wel iemand die te maken heeft met de slopende ziekte kanker. Ook (oud) collega\u2019s binnen de Veiligheidsregio Rotterdam Rijnmond worden op dit moment behandeld.<\/span><\/em><\/p>\n<p style=\"margin-bottom: 11.25pt; background: white; box-sizing: inherit; outline: 0px!important; font-variant-ligatures: normal; font-variant-caps: normal; orphans: 2; widows: 2; text-decoration-style: initial; text-decoration-color: initial; word-spacing: 0px;\"><em><span style=\"font-size: 11.5pt; font-family: 'Open Sans', sans-serif; color: #464646;\">In de afgelopen jaren heeft de Veiligheidsregio Rotterdam-Rijnmond, waar de Brandweer Rotterdam-Rijnmond deel van uit maakt, \u00a0diverse zeer gewaardeerde collega\u2019s verloren aan deze verschrikkelijke ziekte.<\/span><span style=\"font-size: 11.5pt; font-family: 'Open Sans',sans-serif; color: #464646;\"><br \/>\n<\/span><span style=\"font-size: 11.5pt; font-family: 'Open Sans', sans-serif; color: #464646;\">De snelheid waarmee de ziekte uiteindelijk fataal kan zijn, blijft onvoorstelbaar. Het verdriet, de emotie in een vaak ongelijke strijd die je niet kan winnen, dagelijks komen er nieuwe gevallen bij. Bekenden, maar veelal onbekende mensen worden geconfronteerd met een leven dat nooit meer hetzelfde zal zijn. Het raakt me iedere keer weer en het went nooit.<\/span><\/em><\/p>\n<p style=\"margin-bottom: 11.25pt; text-align: justify; background: white; box-sizing: inherit; outline: 0px!important; font-variant-ligatures: normal; font-variant-caps: normal; orphans: 2; widows: 2; text-decoration-style: initial; text-decoration-color: initial; word-spacing: 0px;\"><em><span style=\"font-size: 11.5pt; font-family: 'Open Sans', sans-serif; color: #464646;\">Je staat er niet bij dagelijks bij stil, maar het kan ons allemaal overkomen. Een gezonde levensstijl, sporten, niet roken en een goed evenwicht tussen werken en priv\u00e9 draagt natuurlijk bij aan het voorkomen van kanker, maar dat is geen garantie. Vroege ontdekking is daarom van levensbelang, de overlevingskans is dan immers vele malen groter. Wereldwijd houden duizenden onderzoekers zich bezig met wetenschappelijk onderzoek op het gebied van voorkoming en bestrijding van kanker. Met regelmaat lees je over de mooie resultaten, hierdoor stijgen de overlevingskansen voor kankerpati\u00ebnten. Maar het is nog niet genoeg en meer onderzoek en nieuwe medicijnen blijven noodzakelijk. Ook voor de begeleiding van mensen met kanker kunnen we veel betekenen: soms een arm om de schouder, een luisterend oor of een weekend weg met je familie.<\/span><\/em><\/p>\n<p style=\"margin-bottom: 11.25pt; text-align: justify; background: white; box-sizing: inherit; outline: 0px!important; font-variant-ligatures: normal; font-variant-caps: normal; orphans: 2; widows: 2; text-decoration-style: initial; text-decoration-color: initial; word-spacing: 0px;\"><em><span style=\"font-size: 11.5pt; font-family: 'Open Sans', sans-serif; color: #464646;\">In de strijd tegen kanker neemt de Roparun een heel bijzondere plaats in. Met de opbrengst kunnen vele goede initiatieven ondersteund worden om het leven van kankerpati\u00ebnten meer leefbaar te maken. Wat ruim dertig jaar geleden klein begon met een weddenschap, is uitgegroeid tot \u00e9\u00e9n van de grootste loopevenemenen in Nederland en staat te boek als de langste non-stop estafetteloop ter wereld.<\/span><\/em><\/p>\n<p style=\"margin-bottom: 11.25pt; text-align: justify; background: white; box-sizing: inherit; outline: 0px!important; font-variant-ligatures: normal; font-variant-caps: normal; orphans: 2; widows: 2; text-decoration-style: initial; text-decoration-color: initial; word-spacing: 0px;\"><em><span style=\"font-size: 11.5pt; font-family: 'Open Sans', sans-serif; color: #464646;\">Tijdens- en na de Corona-pandemie zijn er veel zaken veranderd voor de Nederlandse bevolking en daardoor natuurlijk ook voor de Roparun. 2020 werd afgelast, in 2021 werd er een beperkte Roparun gelopen over de halve afstand. In 2022 en 2023 is de Roparun over de hele afstand gehouden met de start op de vliegbasis Twenthe. <\/span><\/em><\/p>\n<p style=\"margin-bottom: 11.25pt; text-align: justify; background: white;\"><em><span style=\"font-size: 11.5pt; font-family: 'Open Sans', sans-serif; color: #464646;\">Tot grote vreugde van velen is er dit jaar weer een start in Frankrijk. Niet op het vertrouwde Parc de la Courneuve dat dit jaar vanwege de Olympische Spelen niet beschikbaar is, maar vanuit het plaatsje Clastres in Noord-Frankrijk. Om toch aan de ca 530 kilometer te komen is er door de organisatie een extra lus in Nederland in de route ingebouwd via Tilburg en Breda.<\/span><\/em><\/p>\n<p style=\"margin-bottom: 11.25pt; text-align: justify; background: white;\"><em><span style=\"font-size: 11.5pt; font-family: 'Open Sans', sans-serif; color: #464646;\">De Roparun is inmiddels een grote en professionele organisatie die v\u00f3\u00f3r de Corona pandemie met regelmaat een bedrag van ruim 5 \u00a0miljoen Euro bijeen wist te brengen. Niet alleen de lopers en de begeleiders, maar vele mensen langs de route van de Roparun leven intens mee. Ik heb meerdere jaren als loper van dit team zelf mee mogen maken wat voor steunbetuigingen je onderweg krijgt. Veel mensen lopen met een missie, met een herinnering, met een gevoel van \u2018deze verschrikkelijke ziekte krijgt ons niet klein\u2019. Zo kunnen de lopers het bedrag in de strijd tegen kanker nog groter laten groeien.\u00a0<\/span><\/em><\/p>\n<p style=\"margin-bottom: 11.25pt; text-align: justify; background: white;\"><em><span style=\"font-size: 11.5pt; font-family: 'Open Sans', sans-serif; color: #464646;\">Het doet mij bijzonder veel genoegen dat ook de VRR (brandweer en ambulanceteams) met drie teams ruim vertegenwoordigd is in de grote schare deelnemende teams.\u00a0Hoewel ik niet meer fysiek meeloop ben ik in gedachten wel bij onze teams. \u00a0Het weer vormt ieder jaar weer een uitnodiging maar ook daar slaan de teams zich weer doorheen en ik heb er alle vertrouwen in dat het hele team weer in Rotterdam aankomt. Ook dit jaar wordt de finish van dit prachtige evenement weer gehouden op de vertrouwde Coolsingel. Ik kan dit jaar zelf helaas niet bij de finish op de Coolsingel aanwezig zijn maar ik hoop ze onderweg toch nog aan te kunnen moedigen.<\/span><\/em><\/p>\n<p style=\"margin-bottom: 11.25pt; text-align: justify; background: white; box-sizing: inherit; outline: 0px!important; font-variant-ligatures: normal; font-variant-caps: normal; orphans: 2; widows: 2; text-decoration-style: initial; text-decoration-color: initial; word-spacing: 0px;\"><em><span style=\"font-size: 11.5pt; font-family: 'Open Sans', sans-serif; color: #464646;\">Meer dan 40 uur -dag en nacht- onderweg om een afstand van ruim 500 kilometer te overbruggen, daar komt nogal wat bij kijken. Niet alleen een uitstekende conditie van de lopers en hun fietsbegeleiders, maar ook een enorme inzet van het team vrijwilligers. Zij zorgen voor alle andere zaken als vervoer, verzorging, overnachting, etc. Alleen als je op deze wijze samenwerkt, kan je je doel bereiken.<\/span><\/em><\/p>\n<p style=\"margin-bottom: 11.25pt; text-align: justify; background: white; box-sizing: inherit; outline: 0px!important; font-variant-ligatures: normal; font-variant-caps: normal; orphans: 2; widows: 2; text-decoration-style: initial; text-decoration-color: initial; word-spacing: 0px;\"><em><span style=\"font-size: 11.5pt; font-family: 'Open Sans', sans-serif; color: #464646;\">Voor 2024 is Team 112 Brandweer Rotterdam-Rijnmond er klaar voor, zij doen sinds de oprichting van dit team in 2004 voor de twintigste keer mee! \u00a0Diverse acties zijn er al gehouden of worden nog gepland om ook nu de uitdaging Clastres-Rotterdam over een afstand van ca 540 kilometer aan te gaan. Ik wens alle deelnemers een bijzonder sportieve en voorspoedige periode tijdens de langste non-estafetteloop ter wereld. Tot ziens in Rotterdam!<\/span><\/em><\/p>\n<p style=\"margin-bottom: 11.25pt; text-align: justify; background: white; box-sizing: inherit; outline: 0px!important; font-variant-ligatures: normal; font-variant-caps: normal; orphans: 2; widows: 2; text-decoration-style: initial; text-decoration-color: initial; word-spacing: 0px;\"><em><span style=\"font-size: 11.5pt; font-family: 'Open Sans', sans-serif; color: #464646;\">Met sportieve groet,<\/span><\/em><\/p>\n<p style=\"margin-bottom: 11.25pt; text-align: justify; background: white; box-sizing: inherit; outline: 0px!important; font-variant-ligatures: normal; font-variant-caps: normal; orphans: 2; widows: 2; text-decoration-style: initial; text-decoration-color: initial; word-spacing: 0px;\"><em><span style=\"font-size: 11.5pt; font-family: 'Open Sans', sans-serif; color: #464646;\">Arjen Littooij<\/span><\/em><\/p>\n","protected":false},"excerpt":{"rendered":"<p>Iedereen heeft binnen zijn werk, familie of kennissenkring wel iemand die te maken heeft met de slopende ziekte kanker. Ook (oud) collega\u2019s binnen de Veiligheidsregio Rotterdam Rijnmond worden op dit moment behandeld. In de afgelopen jaren heeft de Veiligheidsregio Rotterdam-Rijnmond, waar de Brandweer Rotterdam-Rijnmond deel van uit maakt, \u00a0diverse zeer gewaardeerde collega\u2019s verloren aan deze verschrikkelijke ziekte. De snelheid waarmee de ziekte uiteindelijk fataal kan zijn, blijft onvoorstelbaar. Het verdriet, de emotie in een vaak ongelijke strijd die je niet kan winnen, dagelijks komen er nieuwe gevallen bij. Bekenden, maar veelal onbekende mensen worden geconfronteerd met een leven dat nooit meer hetzelfde zal zijn. Het raakt me iedere keer weer en het went nooit. Je staat er niet bij dagelijks bij stil, maar het kan ons allemaal overkomen. Een gezonde levensstijl, sporten, niet roken en een goed evenwicht tussen werken en priv\u00e9 draagt natuurlijk bij aan het voorkomen van kanker, maar dat is geen garantie. Vroege ontdekking is daarom van levensbelang, de overlevingskans is dan immers vele malen groter. Wereldwijd houden duizenden onderzoekers zich bezig met wetenschappelijk onderzoek op het gebied van voorkoming en bestrijding van kanker. Met regelmaat lees je over de mooie resultaten, hierdoor stijgen de overlevingskansen voor kankerpati\u00ebnten. Maar het is nog niet genoeg en meer onderzoek en nieuwe medicijnen blijven noodzakelijk. Ook voor de begeleiding van mensen met kanker kunnen we veel betekenen: soms een arm om de schouder, een luisterend oor of een weekend weg met je familie. In de strijd tegen kanker neemt de Roparun een heel bijzondere plaats in. Met de opbrengst kunnen vele goede initiatieven ondersteund worden om het leven van kankerpati\u00ebnten meer leefbaar te maken. Wat ruim dertig jaar geleden klein begon met een weddenschap, is uitgegroeid tot \u00e9\u00e9n van de grootste loopevenemenen in Nederland en staat te boek als de langste non-stop estafetteloop ter wereld. Tijdens- en na de Corona-pandemie zijn er veel zaken veranderd voor de Nederlandse bevolking en daardoor natuurlijk ook voor de Roparun. 2020 werd afgelast, in 2021 werd er een beperkte Roparun gelopen over de halve afstand. In 2022 en 2023 is de Roparun over de hele afstand gehouden met de start op de vliegbasis Twenthe. Tot grote vreugde van velen is er dit jaar weer een start in Frankrijk. Niet op het vertrouwde Parc de la Courneuve dat dit jaar vanwege de Olympische Spelen niet beschikbaar is, maar vanuit het plaatsje Clastres in Noord-Frankrijk. Om toch aan de ca 530 kilometer te komen is er door de organisatie een extra lus in Nederland in de route ingebouwd via Tilburg en Breda. De Roparun is inmiddels een grote en professionele organisatie die v\u00f3\u00f3r de Corona pandemie met regelmaat een bedrag van ruim 5 \u00a0miljoen Euro bijeen wist te brengen. Niet alleen de lopers en de begeleiders, maar vele mensen langs de route van de Roparun leven intens mee. Ik heb meerdere jaren als loper van dit team zelf mee mogen maken wat voor steunbetuigingen je onderweg krijgt. Veel mensen lopen met een missie, met een herinnering, met een gevoel van \u2018deze verschrikkelijke ziekte krijgt ons niet klein\u2019. Zo kunnen de lopers het bedrag in de strijd tegen kanker nog groter laten groeien.\u00a0 Het doet mij bijzonder veel genoegen dat ook de VRR (brandweer en ambulanceteams) met drie teams ruim vertegenwoordigd is in de grote schare deelnemende teams.\u00a0Hoewel ik niet meer fysiek meeloop ben ik in gedachten wel bij onze teams. \u00a0Het weer vormt ieder jaar weer een uitnodiging maar ook daar slaan de teams zich weer doorheen en ik heb er alle vertrouwen in dat het hele team weer in Rotterdam aankomt. Ook dit jaar wordt de finish van dit prachtige evenement weer gehouden op de vertrouwde Coolsingel. Ik kan dit jaar zelf helaas niet bij de finish op de Coolsingel aanwezig zijn maar ik hoop ze onderweg toch nog aan te kunnen moedigen. Meer dan 40 uur -dag en nacht- onderweg om een afstand van ruim 500 kilometer te overbruggen, daar komt nogal wat bij kijken. Niet alleen een uitstekende conditie van de lopers en hun fietsbegeleiders, maar ook een enorme inzet van het team vrijwilligers. Zij zorgen voor alle andere zaken als vervoer, verzorging, overnachting, etc. Alleen als je op deze wijze samenwerkt, kan je je doel bereiken. Voor 2024 is Team 112 Brandweer Rotterdam-Rijnmond er klaar voor, zij doen sinds de oprichting van dit team in 2004 voor de twintigste keer mee! \u00a0Diverse acties zijn er al gehouden of worden nog gepland om ook nu de uitdaging Clastres-Rotterdam over een afstand van ca 540 kilometer aan te gaan. Ik wens alle deelnemers een bijzonder sportieve en voorspoedige periode tijdens de langste non-estafetteloop ter wereld. Tot ziens in Rotterdam! Met sportieve groet, Arjen Littooij<\/p>\n","protected":false},"author":2,"featured_media":0,"parent":0,"menu_order":1,"comment_status":"closed","ping_status":"closed","template":"","meta":[],"_links":{"self":[{"href":"https:\/\/team112.nl\/wordpress\/index.php?rest_route=\/wp\/v2\/pages\/7"}],"collection":[{"href":"https:\/\/team112.nl\/wordpress\/index.php?rest_route=\/wp\/v2\/pages"}],"about":[{"href":"https:\/\/team112.nl\/wordpress\/index.php?rest_route=\/wp\/v2\/types\/page"}],"author":[{"embeddable":true,"href":"https:\/\/team112.nl\/wordpress\/index.php?rest_route=\/wp\/v2\/users\/2"}],"replies":[{"embeddable":true,"href":"https:\/\/team112.nl\/wordpress\/index.php?rest_route=%2Fwp%2Fv2%2Fcomments&post=7"}],"version-history":[{"count":19,"href":"https:\/\/team112.nl\/wordpress\/index.php?rest_route=\/wp\/v2\/pages\/7\/revisions"}],"predecessor-version":[{"id":1707,"href":"https:\/\/team112.nl\/wordpress\/index.php?rest_route=\/wp\/v2\/pages\/7\/revisions\/1707"}],"wp:attachment":[{"href":"https:\/\/team112.nl\/wordpress\/index.php?rest_route=%2Fwp%2Fv2%2Fmedia&parent=7"}],"curies":[{"name":"wp","href":"https:\/\/api.w.org\/{rel}","templated":true}]}}